{"id":6570,"date":"2022-01-14T15:34:36","date_gmt":"2022-01-14T14:34:36","guid":{"rendered":"https:\/\/www.circlegroup.eu\/investor-relations\/innovative-sme\/"},"modified":"2025-11-06T10:31:02","modified_gmt":"2025-11-06T09:31:02","slug":"pmi-innovativa","status":"publish","type":"page","link":"https:\/\/www.circlegroup.eu\/it\/investor-relations\/pmi-innovativa\/","title":{"rendered":"PMI innovativa"},"content":{"rendered":"[vc_row type=&#8221;full_width_background&#8221; full_screen_row_position=&#8221;middle&#8221; column_margin=&#8221;default&#8221; column_direction=&#8221;default&#8221; column_direction_tablet=&#8221;default&#8221; column_direction_phone=&#8221;default&#8221; bg_color=&#8221;#ffffff&#8221; scene_position=&#8221;center&#8221; text_color=&#8221;dark&#8221; text_align=&#8221;left&#8221; row_border_radius=&#8221;none&#8221; row_border_radius_applies=&#8221;bg&#8221; id=&#8221;sme&#8221; overlay_strength=&#8221;0.3&#8243; gradient_direction=&#8221;left_to_right&#8221; shape_divider_position=&#8221;bottom&#8221; bg_image_animation=&#8221;none&#8221; shape_type=&#8221;straight_section&#8221;][vc_column column_padding=&#8221;no-extra-padding&#8221; column_padding_tablet=&#8221;inherit&#8221; column_padding_phone=&#8221;inherit&#8221; column_padding_position=&#8221;right&#8221; column_element_spacing=&#8221;default&#8221; background_color_opacity=&#8221;1&#8243; background_hover_color_opacity=&#8221;1&#8243; column_shadow=&#8221;none&#8221; column_border_radius=&#8221;none&#8221; column_link_target=&#8221;_self&#8221; gradient_direction=&#8221;left_to_right&#8221; overlay_strength=&#8221;0.3&#8243; width=&#8221;1\/1&#8243; tablet_width_inherit=&#8221;default&#8221; tablet_text_alignment=&#8221;default&#8221; phone_text_alignment=&#8221;default&#8221; bg_image_animation=&#8221;none&#8221; border_type=&#8221;simple&#8221; column_border_width=&#8221;none&#8221; column_border_style=&#8221;solid&#8221;][vc_custom_heading text=&#8221;PMI innovativa&#8221; font_container=&#8221;tag:h3|text_align:left|color:%23005398|line_height:80px&#8221; use_theme_fonts=&#8221;yes&#8221;][vc_column_text]Circle \u00e8 una PMI Innovativa iscritta dal 06\/06\/2016 nell\u2019apposita sezione speciale del Registro delle Imprese della Camera di Commercio di Milano.<\/p>\n<p>Per un investitore ci\u00f2 si traduce nella possibilit\u00e0 di godere delle agevolazioni fiscali introdotte dalla Legge di Stabilit\u00e0 2017, ovvero di una detrazione dall\u2019imposta lorda sui redditi (per le persone fisiche) e di una deduzione dal reddito imponibile (per le persone giuridiche).[\/vc_column_text][nectar_btn size=&#8221;large&#8221; open_new_tab=&#8221;true&#8221; button_style=&#8221;regular-tilt&#8221; button_color=&#8221;Accent-Color&#8221; icon_family=&#8221;none&#8221; text=&#8221;Download&#8221; url=&#8221;https:\/\/www.circlegroup.eu\/wp-content\/uploads\/2025\/11\/2025-10-27-Visura-Ordinaria-Circle-SpA.pdf&#8221;][\/vc_column][\/vc_row]\n","protected":false},"excerpt":{"rendered":"<p>[vc_row type=&#8221;full_width_background&#8221; full_screen_row_position=&#8221;middle&#8221; column_margin=&#8221;default&#8221; column_direction=&#8221;default&#8221; column_direction_tablet=&#8221;default&#8221; column_direction_phone=&#8221;default&#8221; bg_color=&#8221;#ffffff&#8221; scene_position=&#8221;center&#8221; text_color=&#8221;dark&#8221; text_align=&#8221;left&#8221; row_border_radius=&#8221;none&#8221; row_border_radius_applies=&#8221;bg&#8221; id=&#8221;sme&#8221; overlay_strength=&#8221;0.3&#8243; gradient_direction=&#8221;left_to_right&#8221; shape_divider_position=&#8221;bottom&#8221; bg_image_animation=&#8221;none&#8221; shape_type=&#8221;straight_section&#8221;][vc_column column_padding=&#8221;no-extra-padding&#8221; column_padding_tablet=&#8221;inherit&#8221; column_padding_phone=&#8221;inherit&#8221; column_padding_position=&#8221;right&#8221; column_element_spacing=&#8221;default&#8221; background_color_opacity=&#8221;1&#8243; background_hover_color_opacity=&#8221;1&#8243; column_shadow=&#8221;none&#8221; column_border_radius=&#8221;none&#8221; column_link_target=&#8221;_self&#8221; gradient_direction=&#8221;left_to_right&#8221;&#8230;<\/p>\n","protected":false},"author":1,"featured_media":0,"parent":6555,"menu_order":0,"comment_status":"closed","ping_status":"closed","template":"page-sidebar.php","meta":{"footnotes":""},"class_list":["post-6570","page","type-page","status-publish"],"yoast_head":"<!-- This site is optimized with the Yoast SEO plugin v27.4 - https:\/\/yoast.com\/product\/yoast-seo-wordpress\/ -->\n<title>PMI innovativa - Circle Group SpA<\/title>\n<meta name=\"robots\" content=\"index, follow, max-snippet:-1, max-image-preview:large, max-video-preview:-1\" \/>\n<link rel=\"canonical\" href=\"https:\/\/www.circlegroup.eu\/it\/investor-relations\/pmi-innovativa\/\" \/>\n<meta property=\"og:locale\" content=\"it_IT\" \/>\n<meta property=\"og:type\" content=\"article\" \/>\n<meta property=\"og:title\" content=\"PMI innovativa - Circle Group SpA\" \/>\n<meta property=\"og:description\" content=\"[vc_row type=&#8221;full_width_background&#8221; full_screen_row_position=&#8221;middle&#8221; column_margin=&#8221;default&#8221; column_direction=&#8221;default&#8221; column_direction_tablet=&#8221;default&#8221; column_direction_phone=&#8221;default&#8221; bg_color=&#8221;#ffffff&#8221; scene_position=&#8221;center&#8221; text_color=&#8221;dark&#8221; text_align=&#8221;left&#8221; row_border_radius=&#8221;none&#8221; row_border_radius_applies=&#8221;bg&#8221; id=&#8221;sme&#8221; overlay_strength=&#8221;0.3&#8243; gradient_direction=&#8221;left_to_right&#8221; shape_divider_position=&#8221;bottom&#8221; bg_image_animation=&#8221;none&#8221; shape_type=&#8221;straight_section&#8221;][vc_column column_padding=&#8221;no-extra-padding&#8221; column_padding_tablet=&#8221;inherit&#8221; column_padding_phone=&#8221;inherit&#8221; column_padding_position=&#8221;right&#8221; column_element_spacing=&#8221;default&#8221; background_color_opacity=&#8221;1&#8243; background_hover_color_opacity=&#8221;1&#8243; column_shadow=&#8221;none&#8221; column_border_radius=&#8221;none&#8221; column_link_target=&#8221;_self&#8221; gradient_direction=&#8221;left_to_right&#8221;...\" \/>\n<meta property=\"og:url\" content=\"https:\/\/www.circlegroup.eu\/it\/investor-relations\/pmi-innovativa\/\" \/>\n<meta property=\"og:site_name\" content=\"Circle Group SpA\" \/>\n<meta property=\"article:modified_time\" content=\"2025-11-06T09:31:02+00:00\" \/>\n<meta name=\"twitter:card\" content=\"summary_large_image\" \/>\n<meta name=\"twitter:label1\" content=\"Tempo di lettura stimato\" \/>\n\t<meta name=\"twitter:data1\" content=\"1 minuto\" \/>\n<script type=\"application\/ld+json\" class=\"yoast-schema-graph\">{\"@context\":\"https:\\\/\\\/schema.org\",\"@graph\":[{\"@type\":\"WebPage\",\"@id\":\"https:\\\/\\\/www.circlegroup.eu\\\/it\\\/investor-relations\\\/pmi-innovativa\\\/\",\"url\":\"https:\\\/\\\/www.circlegroup.eu\\\/it\\\/investor-relations\\\/pmi-innovativa\\\/\",\"name\":\"PMI innovativa - Circle Group SpA\",\"isPartOf\":{\"@id\":\"https:\\\/\\\/www.circlegroup.eu\\\/#website\"},\"datePublished\":\"2022-01-14T14:34:36+00:00\",\"dateModified\":\"2025-11-06T09:31:02+00:00\",\"breadcrumb\":{\"@id\":\"https:\\\/\\\/www.circlegroup.eu\\\/it\\\/investor-relations\\\/pmi-innovativa\\\/#breadcrumb\"},\"inLanguage\":\"it-IT\",\"potentialAction\":[{\"@type\":\"ReadAction\",\"target\":[\"https:\\\/\\\/www.circlegroup.eu\\\/it\\\/investor-relations\\\/pmi-innovativa\\\/\"]}]},{\"@type\":\"BreadcrumbList\",\"@id\":\"https:\\\/\\\/www.circlegroup.eu\\\/it\\\/investor-relations\\\/pmi-innovativa\\\/#breadcrumb\",\"itemListElement\":[{\"@type\":\"ListItem\",\"position\":1,\"name\":\"Home\",\"item\":\"https:\\\/\\\/www.circlegroup.eu\\\/it\\\/\"},{\"@type\":\"ListItem\",\"position\":2,\"name\":\"Investor Relations\",\"item\":\"https:\\\/\\\/www.circlegroup.eu\\\/it\\\/investor-relations\\\/\"},{\"@type\":\"ListItem\",\"position\":3,\"name\":\"PMI innovativa\"}]},{\"@type\":\"WebSite\",\"@id\":\"https:\\\/\\\/www.circlegroup.eu\\\/#website\",\"url\":\"https:\\\/\\\/www.circlegroup.eu\\\/\",\"name\":\"Circle Group SpA\",\"description\":\"The right international partner for your smart business growth.\",\"publisher\":{\"@id\":\"https:\\\/\\\/www.circlegroup.eu\\\/#organization\"},\"potentialAction\":[{\"@type\":\"SearchAction\",\"target\":{\"@type\":\"EntryPoint\",\"urlTemplate\":\"https:\\\/\\\/www.circlegroup.eu\\\/?s={search_term_string}\"},\"query-input\":{\"@type\":\"PropertyValueSpecification\",\"valueRequired\":true,\"valueName\":\"search_term_string\"}}],\"inLanguage\":\"it-IT\"},{\"@type\":\"Organization\",\"@id\":\"https:\\\/\\\/www.circlegroup.eu\\\/#organization\",\"name\":\"Circle Group\",\"url\":\"https:\\\/\\\/www.circlegroup.eu\\\/\",\"logo\":{\"@type\":\"ImageObject\",\"inLanguage\":\"it-IT\",\"@id\":\"https:\\\/\\\/www.circlegroup.eu\\\/#\\\/schema\\\/logo\\\/image\\\/\",\"url\":\"https:\\\/\\\/i0.wp.com\\\/www.circlegroup.eu\\\/wp-content\\\/uploads\\\/2021\\\/09\\\/logo-color-x2.png?fit=320%2C100&ssl=1\",\"contentUrl\":\"https:\\\/\\\/i0.wp.com\\\/www.circlegroup.eu\\\/wp-content\\\/uploads\\\/2021\\\/09\\\/logo-color-x2.png?fit=320%2C100&ssl=1\",\"width\":320,\"height\":100,\"caption\":\"Circle Group\"},\"image\":{\"@id\":\"https:\\\/\\\/www.circlegroup.eu\\\/#\\\/schema\\\/logo\\\/image\\\/\"},\"sameAs\":[\"https:\\\/\\\/www.linkedin.com\\\/company\\\/circle-srl\\\/\"]}]}<\/script>\n<!-- \/ Yoast SEO plugin. -->","yoast_head_json":{"title":"PMI innovativa - Circle Group SpA","robots":{"index":"index","follow":"follow","max-snippet":"max-snippet:-1","max-image-preview":"max-image-preview:large","max-video-preview":"max-video-preview:-1"},"canonical":"https:\/\/www.circlegroup.eu\/it\/investor-relations\/pmi-innovativa\/","og_locale":"it_IT","og_type":"article","og_title":"PMI innovativa - Circle Group SpA","og_description":"[vc_row type=&#8221;full_width_background&#8221; full_screen_row_position=&#8221;middle&#8221; column_margin=&#8221;default&#8221; column_direction=&#8221;default&#8221; column_direction_tablet=&#8221;default&#8221; column_direction_phone=&#8221;default&#8221; bg_color=&#8221;#ffffff&#8221; scene_position=&#8221;center&#8221; text_color=&#8221;dark&#8221; text_align=&#8221;left&#8221; row_border_radius=&#8221;none&#8221; row_border_radius_applies=&#8221;bg&#8221; id=&#8221;sme&#8221; overlay_strength=&#8221;0.3&#8243; gradient_direction=&#8221;left_to_right&#8221; shape_divider_position=&#8221;bottom&#8221; bg_image_animation=&#8221;none&#8221; shape_type=&#8221;straight_section&#8221;][vc_column column_padding=&#8221;no-extra-padding&#8221; column_padding_tablet=&#8221;inherit&#8221; column_padding_phone=&#8221;inherit&#8221; column_padding_position=&#8221;right&#8221; column_element_spacing=&#8221;default&#8221; background_color_opacity=&#8221;1&#8243; background_hover_color_opacity=&#8221;1&#8243; column_shadow=&#8221;none&#8221; column_border_radius=&#8221;none&#8221; column_link_target=&#8221;_self&#8221; gradient_direction=&#8221;left_to_right&#8221;...","og_url":"https:\/\/www.circlegroup.eu\/it\/investor-relations\/pmi-innovativa\/","og_site_name":"Circle Group SpA","article_modified_time":"2025-11-06T09:31:02+00:00","twitter_card":"summary_large_image","twitter_misc":{"Tempo di lettura stimato":"1 minuto"},"schema":{"@context":"https:\/\/schema.org","@graph":[{"@type":"WebPage","@id":"https:\/\/www.circlegroup.eu\/it\/investor-relations\/pmi-innovativa\/","url":"https:\/\/www.circlegroup.eu\/it\/investor-relations\/pmi-innovativa\/","name":"PMI innovativa - Circle Group SpA","isPartOf":{"@id":"https:\/\/www.circlegroup.eu\/#website"},"datePublished":"2022-01-14T14:34:36+00:00","dateModified":"2025-11-06T09:31:02+00:00","breadcrumb":{"@id":"https:\/\/www.circlegroup.eu\/it\/investor-relations\/pmi-innovativa\/#breadcrumb"},"inLanguage":"it-IT","potentialAction":[{"@type":"ReadAction","target":["https:\/\/www.circlegroup.eu\/it\/investor-relations\/pmi-innovativa\/"]}]},{"@type":"BreadcrumbList","@id":"https:\/\/www.circlegroup.eu\/it\/investor-relations\/pmi-innovativa\/#breadcrumb","itemListElement":[{"@type":"ListItem","position":1,"name":"Home","item":"https:\/\/www.circlegroup.eu\/it\/"},{"@type":"ListItem","position":2,"name":"Investor Relations","item":"https:\/\/www.circlegroup.eu\/it\/investor-relations\/"},{"@type":"ListItem","position":3,"name":"PMI innovativa"}]},{"@type":"WebSite","@id":"https:\/\/www.circlegroup.eu\/#website","url":"https:\/\/www.circlegroup.eu\/","name":"Circle Group SpA","description":"The right international partner for your smart business growth.","publisher":{"@id":"https:\/\/www.circlegroup.eu\/#organization"},"potentialAction":[{"@type":"SearchAction","target":{"@type":"EntryPoint","urlTemplate":"https:\/\/www.circlegroup.eu\/?s={search_term_string}"},"query-input":{"@type":"PropertyValueSpecification","valueRequired":true,"valueName":"search_term_string"}}],"inLanguage":"it-IT"},{"@type":"Organization","@id":"https:\/\/www.circlegroup.eu\/#organization","name":"Circle Group","url":"https:\/\/www.circlegroup.eu\/","logo":{"@type":"ImageObject","inLanguage":"it-IT","@id":"https:\/\/www.circlegroup.eu\/#\/schema\/logo\/image\/","url":"https:\/\/i0.wp.com\/www.circlegroup.eu\/wp-content\/uploads\/2021\/09\/logo-color-x2.png?fit=320%2C100&ssl=1","contentUrl":"https:\/\/i0.wp.com\/www.circlegroup.eu\/wp-content\/uploads\/2021\/09\/logo-color-x2.png?fit=320%2C100&ssl=1","width":320,"height":100,"caption":"Circle Group"},"image":{"@id":"https:\/\/www.circlegroup.eu\/#\/schema\/logo\/image\/"},"sameAs":["https:\/\/www.linkedin.com\/company\/circle-srl\/"]}]}},"_links":{"self":[{"href":"https:\/\/www.circlegroup.eu\/it\/wp-json\/wp\/v2\/pages\/6570","targetHints":{"allow":["GET"]}}],"collection":[{"href":"https:\/\/www.circlegroup.eu\/it\/wp-json\/wp\/v2\/pages"}],"about":[{"href":"https:\/\/www.circlegroup.eu\/it\/wp-json\/wp\/v2\/types\/page"}],"author":[{"embeddable":true,"href":"https:\/\/www.circlegroup.eu\/it\/wp-json\/wp\/v2\/users\/1"}],"replies":[{"embeddable":true,"href":"https:\/\/www.circlegroup.eu\/it\/wp-json\/wp\/v2\/comments?post=6570"}],"version-history":[{"count":1,"href":"https:\/\/www.circlegroup.eu\/it\/wp-json\/wp\/v2\/pages\/6570\/revisions"}],"predecessor-version":[{"id":13761,"href":"https:\/\/www.circlegroup.eu\/it\/wp-json\/wp\/v2\/pages\/6570\/revisions\/13761"}],"up":[{"embeddable":true,"href":"https:\/\/www.circlegroup.eu\/it\/wp-json\/wp\/v2\/pages\/6555"}],"wp:attachment":[{"href":"https:\/\/www.circlegroup.eu\/it\/wp-json\/wp\/v2\/media?parent=6570"}],"curies":[{"name":"wp","href":"https:\/\/api.w.org\/{rel}","templated":true}]}}